{"id":51,"date":"2016-05-10T16:32:58","date_gmt":"2016-05-10T16:32:58","guid":{"rendered":"http:\/\/ramco.at\/?page_id=51"},"modified":"2023-01-25T11:36:43","modified_gmt":"2023-01-25T11:36:43","slug":"homepage","status":"publish","type":"page","link":"https:\/\/www.ramco.at\/","title":{"rendered":"Homepage"},"content":{"rendered":"<p>[et_pb_section fb_built=&#8220;1&#8243; admin_label=&#8220;section&#8220; _builder_version=&#8220;3.0.47&#8243;][et_pb_row _builder_version=&#8220;3.0.47&#8243; background_size=&#8220;initial&#8220; background_position=&#8220;top_left&#8220; background_repeat=&#8220;repeat&#8220;][et_pb_column type=&#8220;4_4&#8243; _builder_version=&#8220;3.0.47&#8243; parallax=&#8220;off&#8220; parallax_method=&#8220;on&#8220;][et_pb_divider show_divider=&#8220;off&#8220; disabled_on=&#8220;on|on|off&#8220; module_id=&#8220;Home&#8220; _builder_version=&#8220;3.2&#8243; hide_on_mobile=&#8220;on&#8220;][\/et_pb_divider][\/et_pb_column][\/et_pb_row][et_pb_row padding_mobile=&#8220;off&#8220; column_padding_mobile=&#8220;on&#8220; parallax_method_1=&#8220;off&#8220; admin_label=&#8220;row&#8220; module_id=&#8220;Home&#8220; _builder_version=&#8220;3.0.47&#8243; background_size=&#8220;initial&#8220; background_position=&#8220;top_left&#8220; background_repeat=&#8220;repeat&#8220;][et_pb_column type=&#8220;4_4&#8243; _builder_version=&#8220;3.0.47&#8243; column_padding_mobile=&#8220;on&#8220; parallax=&#8220;off&#8220; parallax_method=&#8220;off&#8220;][et_pb_text _builder_version=&#8220;3.0.87&#8243; background_size=&#8220;initial&#8220; background_position=&#8220;top_left&#8220; background_repeat=&#8220;repeat&#8220; use_border_color=&#8220;off&#8220; border_color=&#8220;#ffffff&#8220; border_style=&#8220;solid&#8220;]<\/p>\n<p><span style=\"color: #ff0000; font-size: x-large;\">D<\/span><span style=\"font-size: 12.0pt; mso-bidi-font-size: 10.0pt; layout-grid-mode: line;\">ie Heilkr\u00e4fte des Magneten\u00a0sind seit Urzeiten bekannt. Die Heiler der Antike versuchten, diese Kr\u00e4fte\u00a0therapeutisch zu nutzen( Plato, Arisstoles, Hypokrates und Plinius) und im alten\u00a0China benutzte man bereits Eisenmagnete zu Heilzwecken. <\/span><\/p>\n<p><span style=\"mso-bidi-font-size: 10.0pt; layout-grid-mode: line;\"><span style=\"color: #ff0000; font-size: x-large;\">I<\/span><\/span><span style=\"font-size: 12.0pt; mso-bidi-font-size: 10.0pt; layout-grid-mode: line;\">m 19. Jahrhundert konnten\u00a0erstmals die magnetischen Kr\u00e4fte erkl\u00e4rt, bzw. Beweise erbracht werden, da\u00df\u00a0auch lebende Organismen elektromagnetische Kr\u00e4fte besitzen. In der heutigen\u00a0Zeit erm\u00f6glicht uns die moderne Elektronik die Entwicklung von\u00a0elektromagnetischen Ger\u00e4ten mit hoher Leistungsf\u00e4higkeit. <\/span><\/p>\n<p><span style=\"mso-bidi-font-size: 10.0pt; layout-grid-mode: line;\"><span style=\"color: #ff0000; font-size: x-large;\">D<\/span><\/span><span style=\"font-size: 12.0pt; mso-bidi-font-size: 10.0pt; layout-grid-mode: line;\">urch Zuf\u00fchrung von Energie k\u00f6nnen\u00a0die Selbstheilungskr\u00e4fte im Organismus in Gang gesetzt oder deutlich verst\u00e4rkt\u00a0werden. Dies ist ein sanfter und einfacher Weg zu\u00a0neuer Lebenskraft, dadurch werden Schwung und Vitalit\u00e4t auf eine nat\u00fcrliche\u00a0Art wieder mobilisiert.<\/span><\/p>\n<p style=\"text-align: center;\"><span style=\"mso-bidi-font-size: 10.0pt; mso-bidi-font-weight: normal;\"><b style=\"mso-bidi-font-weight: normal; mso-bidi-font-size: 10.0pt;\"><span style=\"color: #ff9933; font-size: large;\">Viele\u00a0Krankheiten sind darauf zur\u00fcckzuf\u00fchren<\/span><\/b><span style=\"color: #ff9933; font-size: large;\"><b style=\"mso-bidi-font-weight: normal; mso-bidi-font-size: 10.0pt;\">!<\/b><\/span><\/span><\/p>\n<p class=\"MsoNormal\"><span style=\"mso-bidi-font-size: 10.0pt; layout-grid-mode: line;\"><span style=\"color: #ff0000; font-size: x-large;\">E<\/span><\/span><span style=\"color: black;\">in\u00a0richtig dosiertes, pulsierendes Magnetfeld unterst\u00fctzt den Organismus. Der\u00a0Stoffwechsel wird im Takt seiner magnetischen Schwingungen in Bewegung gebracht.\u00a0Schadstoffe und Schlacken werden besser abtransportiert, Wachstum und\u00a0Regeneration werden beschleunigt.<\/span><\/p>\n<p class=\"MsoBodyText3\" align=\"center\"><b style=\"mso-bidi-font-weight: normal; mso-bidi-font-size: 10.0pt;\"><span style=\"color: #ff0000; font-size: large;\">Geben\u00a0Sie Ihrem Leben mehr Jahre, und Ihren Jahren mehr Leben !<\/span><\/b><\/p>\n<p class=\"MsoNormal\" style=\"text-align: center;\" align=\"center\"><b style=\"mso-bidi-font-weight: normal; mso-bidi-font-size: 10.0pt;\"><span style=\"mso-bidi-font-size: 10.0pt; mso-bidi-font-weight: normal;\"><span style=\"color: #ff9933; font-size: large;\">Warum\u00a0eine Magnetfeldanwendung?<\/span><\/span><\/b><\/p>\n<p class=\"MsoNormal\" style=\"mso-pagination: none;\"><span style=\"mso-bidi-font-size: 10.0pt; layout-grid-mode: line;\"><span style=\"color: #ff0000; font-size: x-large;\">W<\/span><\/span><span style=\"font-size: 12.0pt; mso-bidi-font-size: 10.0pt; layout-grid-mode: line;\">ir d\u00fcrfen nicht vergessen, da\u00df\u00a0unser Organismus st\u00e4ndig unter negativen Frequenzen von Haushaltsger\u00e4ten,\u00a0Fernseher, Handy, Autos und Computer ausgesetzt ist. Zahlreiche Wissenschaftler\u00a0und \u00c4rzte f\u00fchren einige chronische Krankheiten auf diese magnetischen Einfl\u00fcsse\u00a0zur\u00fcck. Migr\u00e4ne, Ersch\u00f6pfung, Depressionen, Allergien usw.\u00a0sind die h\u00e4ufigsten Begleiterscheinungen unserer Zeit. Auch Stre\u00df und\u00a0die allt\u00e4glichen Belastungen machen sich durch verschiedene Anzeichen<br \/> bemerkbar, wie zum Beispiel mit Nackenschmerzen, Bandscheibenleiden, Darmst\u00f6rungen\u00a0und rheum. Beschwerden.<\/span><\/p>\n<p class=\"MsoNormal\" style=\"mso-pagination: none;\"><span style=\"mso-bidi-font-size: 10.0pt; layout-grid-mode: line;\"><span style=\"color: #ff0000; font-size: x-large;\">N<\/span><\/span><span style=\"font-size: 12.0pt; mso-bidi-font-size: 10.0pt; layout-grid-mode: line;\">un haben wir eine M\u00f6glichkeit\u00a0gefunden um unser nat\u00fcrliches Gleichgewicht des Organismus wieder herzustellen\u00a0und zu stabilisieren.<\/span><\/p>\n<p class=\"MsoNormal\"><span style=\"mso-bidi-font-size: 10.0pt; layout-grid-mode: line;\"><span style=\"color: #ff0000; font-size: x-large;\">D<\/span><\/span><span style=\"font-size: 12.0pt; mso-bidi-font-size: 10.0pt;\">ie mit der <span style=\"color: black;\">Therapie\u00a0<\/span>erzielten positiven Effekte sind individuell unterschiedlich und unterliegen\u00a0gewissen Reaktionsschwankungen, die ihre Ursache in einer bei jedem Menschen\u00a0schwankenden Elektrosensibilit\u00e4t, in Abh\u00e4ngigkeit vom S\u00e4uregehalt des Blutes,\u00a0haben. Da diese sanfte Behandlung ihre Wirkung \u00fcber die Verbesserung des\u00a0Stoffwechsels und die allgemeine Regeneration der Zellen erreicht, ist eine\u00a0Anwendung, je nach konstitutioneller Verfassung, von wenigen Wochen bis zu\u00a0mehreren Monaten notwendig.<\/span><\/p>\n<p class=\"MsoBodyText\" style=\"text-align: center;\" align=\"center\"><b style=\"mso-bidi-font-weight: normal; mso-bidi-font-size: 10.0pt;\"><span style=\"mso-bidi-font-size: 10.0pt; mso-bidi-font-weight: normal;\"><span style=\"color: #ff0000; font-size: large;\">Anwendung\u00a0bei verschiedenen Beschwerden:<\/span><\/span><\/b><\/p>\n<p class=\"MsoBodyText\"><span style=\"mso-bidi-font-size: 10.0pt; layout-grid-mode: line;\"><span style=\"color: #ff0000; font-size: x-large;\">N<\/span><\/span><span style=\"font-size: 11.0pt; mso-bidi-font-size: 10.0pt;\">ach\u00a0wissenschaftlichen Erkenntnissen, klinischen Untersuchungen wurden bei einer\u00a0Vielzahl von Krankheiten beachtliche Erfolge erzielt.<\/span><\/p>\n<p class=\"MsoNormal\"><b style=\"mso-bidi-font-weight: normal;\"><span style=\"font-size: 11.0pt; mso-bidi-font-size: 10.0pt;\"><span style=\"color: #ff9933;\">Herz-Kreislauf-System:<\/span><\/span><span style=\"mso-tab-count: 1; font-size: 11.0pt; mso-bidi-font-size: 10.0pt; color: black;\"><br \/> <\/span><span style=\"font-size: 11.0pt; mso-bidi-font-size: 10.0pt;\"><span style=\"mso-tab-count: 1;\"><br \/> <\/span>St\u00e4rkung des Herz &#8211; Kreislaufsystem<br \/> <\/span><\/b><b style=\"mso-bidi-font-weight: normal;\"><span style=\"font-size: 11.0pt; mso-bidi-font-size: 10.0pt;\">Verbesserung der Durchblutung<br \/> <\/span><\/b><b style=\"mso-bidi-font-weight: normal;\"><span style=\"font-size: 11.0pt; mso-bidi-font-size: 10.0pt;\">Regulierung des Blutdruckes<br \/> <\/span><\/b><b style=\"mso-bidi-font-weight: normal;\"><span style=\"font-size: 11.0pt; mso-bidi-font-size: 10.0pt;\">Vorbeugung gegen Thrombosen<\/span><\/b><b style=\"mso-bidi-font-weight: normal;\"><span style=\"font-size: 11.0pt; mso-bidi-font-size: 10.0pt;\">\u00a0<\/span><\/b><\/p>\n<p class=\"MsoNormal\"><b style=\"mso-bidi-font-weight: normal;\"><span style=\"color: #ff9933;\"><span style=\"font-size: 11.0pt; mso-bidi-font-size: 10.0pt;\">Atemkette:<\/span><span style=\"font-size: 11.0pt; mso-bidi-font-size: 10.0pt;\">\u00a0\u00a0 <\/span><\/span><\/b><span style=\"color: #ff9933;\"><br \/> <\/span><br \/> <span style=\"font-size: 11.0pt; mso-bidi-font-size: 10.0pt;\"><b style=\"mso-bidi-font-weight: normal;\">Verbesserung der chronischen\u00a0Bronchitis<br \/> <\/b><\/span><b style=\"mso-bidi-font-weight: normal;\"><span style=\"font-size: 11.0pt; mso-bidi-font-size: 10.0pt;\">Verminderung\u00a0von Atembeschwerden <\/span><\/b><\/p>\n<p class=\"MsoNormal\"><span style=\"color: #ff9933;\"><b style=\"mso-bidi-font-weight: normal;\"><span style=\"font-size: 11.0pt; mso-bidi-font-size: 10.0pt;\">Skelett:<\/span><\/b><\/span><b style=\"mso-bidi-font-weight: normal;\"><span style=\"font-size: 11.0pt; mso-bidi-font-size: 10.0pt;\"><span style=\"mso-tab-count: 4;\"><span style=\"color: #ff9933;\"><br \/> <\/span><br \/> <\/span>Verbesserung der Knochenheilung<br \/> <\/span><\/b><b style=\"mso-bidi-font-weight: normal;\"><span style=\"font-size: 11.0pt; mso-bidi-font-size: 10.0pt;\">der Gelenkschmerzen<br \/> <\/span><\/b><b style=\"mso-bidi-font-weight: normal;\"><span style=\"font-size: 11.0pt; mso-bidi-font-size: 10.0pt;\">Unterst\u00fctzung zur Frakturheilung<br \/> <\/span><\/b><b style=\"mso-bidi-font-weight: normal;\"><span style=\"font-size: 11.0pt; mso-bidi-font-size: 10.0pt;\">Bandscheibenvorfall<\/span><\/b><b style=\"mso-bidi-font-weight: normal;\"><span style=\"font-size: 11.0pt; mso-bidi-font-size: 10.0pt;\">\u00a0<\/span><\/b><\/p>\n<p class=\"MsoNormal\" style=\"text-align: justify;\"><b style=\"mso-bidi-font-weight: normal;\"><span style=\"font-size: 11.0pt; mso-bidi-font-size: 10.0pt;\"><span style=\"color: #ff9933;\">Stoffwechsel\u00a0und Hormonsystem:<\/span><\/span><\/b><span style=\"font-size: 11.0pt; mso-bidi-font-size: 10.0pt;\"><b style=\"mso-bidi-font-weight: normal;\"><br \/> <\/b><\/span><span style=\"font-size: 11.0pt; mso-bidi-font-size: 10.0pt;\"><b style=\"mso-bidi-font-weight: normal;\"><br \/> Verbesserung des Stoffwechsels<br \/> <\/b><\/span><b style=\"mso-bidi-font-weight: normal;\"><span style=\"font-size: 11.0pt; mso-bidi-font-size: 10.0pt;\">Rheumatischen Erkrankungen<br \/> <\/span><\/b><b style=\"mso-bidi-font-weight: normal;\"><span style=\"font-size: 11.0pt; mso-bidi-font-size: 10.0pt;\">Allergien<br \/> <\/span><\/b><b style=\"mso-bidi-font-weight: normal;\"><span style=\"font-size: 11.0pt; mso-bidi-font-size: 10.0pt;\">Klimakterischen Beschwerden<br \/> <\/span><\/b><b style=\"mso-bidi-font-weight: normal;\"><span style=\"font-size: 11.0pt; mso-bidi-font-size: 10.0pt;\">Menstruations. \u2013Wechselbeschwerden<\/span><\/b><\/p>\n<p class=\"MsoNormal\"><b style=\"mso-bidi-font-weight: normal;\"><span style=\"color: #ff9933;\"><span style=\"font-size: 11.0pt; mso-bidi-font-size: 10.0pt;\">Nervensystem:<\/span><\/span><span style=\"font-size: 11.0pt; mso-bidi-font-size: 10.0pt;\"><span style=\"color: #ff9933;\"><br \/> <\/span><\/span><\/b><span style=\"font-size: 11.0pt; mso-bidi-font-size: 10.0pt;\"><b style=\"mso-bidi-font-weight: normal;\"><br \/> Abbau von Stre\u00df<br \/> <\/b><\/span><b style=\"mso-bidi-font-weight: normal;\"><span style=\"font-size: 11.0pt; mso-bidi-font-size: 10.0pt;\">Nervosit\u00e4tsabbau<br \/> <\/span><\/b><b style=\"mso-bidi-font-weight: normal;\"><span style=\"font-size: 11.0pt; mso-bidi-font-size: 10.0pt;\">Verminderung des Ersch\u00f6pfungssyndroms<br \/> <\/span><\/b><b style=\"mso-bidi-font-weight: normal;\"><span style=\"font-size: 11.0pt; mso-bidi-font-size: 10.0pt;\">Schlafst\u00f6rungsreduzierung<\/span><\/b><\/p>\n<p class=\"MsoNormal\"><b style=\"mso-bidi-font-weight: normal;\"><span style=\"color: #ff9933;\"><span style=\"font-size: 11.0pt; mso-bidi-font-size: 10.0pt;\">Allgemein:<\/span><\/span><span style=\"font-size: 11.0pt; mso-bidi-font-size: 10.0pt;\"><br \/> <\/span><\/b><span style=\"font-size: 11.0pt; mso-bidi-font-size: 10.0pt;\"><b style=\"mso-bidi-font-weight: normal;\">St\u00e4rkung der Immunabwehr<br \/> <\/b><\/span><b style=\"mso-bidi-font-weight: normal;\"><span style=\"font-size: 11.0pt; mso-bidi-font-size: 10.0pt;\">Verbesserung der Wundheilung<br \/> <\/span><\/b><b style=\"mso-bidi-font-weight: normal;\"><span style=\"font-size: 11.0pt; mso-bidi-font-size: 10.0pt;\">Positive\u00a0Wirkung bei Schmerzzust\u00e4nden unterschiedlichster Ursachen<\/span><\/b><\/p>\n<p class=\"MsoNormal\"><b style=\"mso-bidi-font-weight: normal;\"><span style=\"font-size: 11.0pt; mso-bidi-font-size: 10.0pt;\"><span style=\"mso-spacerun: yes;\">\u00a0<\/span><span style=\"mso-tab-count: 5;\"><br \/> <\/span><\/span><\/b><span style=\"font-size: 11.0pt; mso-bidi-font-size: 10.0pt;\">Erfolgreich bei Potenzproblemen<\/span><\/p>\n<p class=\"MsoNormal\"><span style=\"font-size: 11.0pt; mso-bidi-font-size: 10.0pt;\">Entscheidend\u00a0ist, da\u00df die Behandlung regelm\u00e4\u00dfig durchgef\u00fchrt wird. Trinken Sie vor der\u00a0Behandlung reichlich, da der K\u00f6rper zur Energiegewinnung viel Fl\u00fcssigkeit ben\u00f6tigt.\u00a0Der Behandlungseffekt wird dadurch deutlich erh\u00f6rt.<\/span><\/p>\n<p class=\"MsoNormal\" style=\"text-align: justify;\"><span style=\"font-size: 11.0pt; mso-bidi-font-size: 10.0pt;\">Wie bei anderen\u00a0ganzheitlichen Verfahren kann es zu einer sogenannten Kurreaktion kommen. Das\u00a0hei\u00dft, die Beschwerden k\u00f6nnen unter Umst\u00e4nden nach einigen Tagen zunehmen.\u00a0Brechen Sie die Behandlung nicht ab, denn dies sind positive Signale Ihres K\u00f6rpers\u00a0der Ihnen zeigt da\u00df die Behandlung ansteht. Oft kann bei regelm\u00e4\u00dfiger\u00a0Anwendung, die Medikamentendosis deutlich reduziert und oft auch g\u00e4nzlich\u00a0abgesetzt werden.<\/span><\/p>\n<p class=\"MsoNormal\" align=\"right\"><span style=\"color: #ff9933; font-family: 'Lucida Calligraphy';\">Siegmund<br \/> Mair<br \/> <\/span><span style=\"mso-bidi-font-size: 10.0pt; font-family: Arial; mso-fareast-font-family: Times New Roman; mso-bidi-font-family: Times New Roman; mso-ansi-language: EN-GB; mso-fareast-language: DE; mso-bidi-language: AR-SA;\" lang=\"EN-GB\"><span style=\"font-size: xx-small;\">Ramco<br \/> Electronic GmbH<\/span><\/span><\/p>\n<p>[\/et_pb_text][\/et_pb_column][\/et_pb_row][et_pb_row padding_mobile=&#8220;off&#8220; column_padding_mobile=&#8220;on&#8220; parallax_method_1=&#8220;off&#8220; module_id=&#8220;Kontaktformular&#8220; _builder_version=&#8220;3.0.47&#8243; background_size=&#8220;initial&#8220; background_position=&#8220;top_left&#8220; background_repeat=&#8220;repeat&#8220;][et_pb_column type=&#8220;4_4&#8243; _builder_version=&#8220;3.0.47&#8243; column_padding_mobile=&#8220;on&#8220; parallax=&#8220;off&#8220; parallax_method=&#8220;off&#8220;][et_pb_divider show_divider=&#8220;off&#8220; height=&#8220;30&#8243; disabled_on=&#8220;on|on|off&#8220; _builder_version=&#8220;3.2&#8243; hide_on_mobile=&#8220;on&#8220;][\/et_pb_divider][\/et_pb_column][\/et_pb_row][et_pb_row _builder_version=&#8220;3.0.47&#8243; background_size=&#8220;initial&#8220; background_position=&#8220;top_left&#8220; background_repeat=&#8220;repeat&#8220;][et_pb_column type=&#8220;4_4&#8243; _builder_version=&#8220;3.0.47&#8243; parallax=&#8220;off&#8220; parallax_method=&#8220;on&#8220;][et_pb_divider show_divider=&#8220;off&#8220; height=&#8220;30&#8243; disabled_on=&#8220;on|on|off&#8220; module_id=&#8220;Anfahrt&#8220; _builder_version=&#8220;3.2&#8243; hide_on_mobile=&#8220;on&#8220;][\/et_pb_divider][\/et_pb_column][\/et_pb_row][et_pb_row padding_mobile=&#8220;off&#8220; column_padding_mobile=&#8220;on&#8220; parallax_method_1=&#8220;off&#8220; parallax_method_2=&#8220;off&#8220; _builder_version=&#8220;3.0.47&#8243; background_size=&#8220;initial&#8220; background_position=&#8220;top_left&#8220; background_repeat=&#8220;repeat&#8220;][et_pb_column type=&#8220;1_3&#8243; _builder_version=&#8220;3.0.47&#8243; column_padding_mobile=&#8220;on&#8220; parallax=&#8220;off&#8220; parallax_method=&#8220;off&#8220;][et_pb_text _builder_version=&#8220;3.12.2&#8243; text_font=&#8220;Open Sans||||&#8220; text_font_size=&#8220;18&#8243; text_letter_spacing=&#8220;1px&#8220; background_size=&#8220;initial&#8220; background_position=&#8220;top_left&#8220; background_repeat=&#8220;repeat&#8220; use_border_color=&#8220;off&#8220; border_color=&#8220;#ffffff&#8220; border_style=&#8220;solid&#8220;]<\/p>\n<pre><strong>Ramco Handels GmbH<\/strong>\n<strong>Hauptstra\u00dfe 39a<\/strong>\n<strong>A-6464 Tarrenz<\/strong>\n\n<strong>Tel.: +43\/5412\/61061<\/strong><\/pre>\n<p>[\/et_pb_text][\/et_pb_column][et_pb_column type=&#8220;2_3&#8243; _builder_version=&#8220;3.0.47&#8243; column_padding_mobile=&#8220;on&#8220; parallax=&#8220;off&#8220; parallax_method=&#8220;off&#8220;][et_pb_map address=&#8220;Hauptstra\u00dfe 39, 6464 Tarrenz, \u00d6sterreich&#8220; zoom_level=&#8220;16&#8243; address_lat=&#8220;47.26192959999999&#8243; address_lng=&#8220;10.761757799999941&#8243; _builder_version=&#8220;3.0.91&#8243;][et_pb_map_pin title=&#8220;Ramco Handels GmbH&#8220; pin_address=&#8220;Hauptstra\u00dfe 50, 6464 Tarrenz, \u00d6sterreich&#8220; pin_address_lat=&#8220;47.261656557993966&#8243; pin_address_lng=&#8220;10.761580774204958&#8243; _builder_version=&#8220;3.0.47&#8243;] [\/et_pb_map_pin][\/et_pb_map][\/et_pb_column][\/et_pb_row][\/et_pb_section]<\/p>\n","protected":false},"excerpt":{"rendered":"<p>[et_pb_section fb_built=&#8220;1&#8243; admin_label=&#8220;section&#8220; _builder_version=&#8220;3.0.47&#8243;][et_pb_row _builder_version=&#8220;3.0.47&#8243; background_size=&#8220;initial&#8220; background_position=&#8220;top_left&#8220; background_repeat=&#8220;repeat&#8220;][et_pb_column type=&#8220;4_4&#8243; _builder_version=&#8220;3.0.47&#8243; parallax=&#8220;off&#8220; parallax_method=&#8220;on&#8220;][et_pb_divider show_divider=&#8220;off&#8220; disabled_on=&#8220;on|on|off&#8220; module_id=&#8220;Home&#8220; _builder_version=&#8220;3.2&#8243; hide_on_mobile=&#8220;on&#8220;][\/et_pb_divider][\/et_pb_column][\/et_pb_row][et_pb_row padding_mobile=&#8220;off&#8220; column_padding_mobile=&#8220;on&#8220; parallax_method_1=&#8220;off&#8220; admin_label=&#8220;row&#8220; module_id=&#8220;Home&#8220; _builder_version=&#8220;3.0.47&#8243; background_size=&#8220;initial&#8220; background_position=&#8220;top_left&#8220; background_repeat=&#8220;repeat&#8220;][et_pb_column type=&#8220;4_4&#8243; _builder_version=&#8220;3.0.47&#8243; column_padding_mobile=&#8220;on&#8220; parallax=&#8220;off&#8220; parallax_method=&#8220;off&#8220;][et_pb_text _builder_version=&#8220;3.0.87&#8243; background_size=&#8220;initial&#8220; background_position=&#8220;top_left&#8220; background_repeat=&#8220;repeat&#8220; use_border_color=&#8220;off&#8220; border_color=&#8220;#ffffff&#8220; border_style=&#8220;solid&#8220;] Die Heilkr\u00e4fte des Magneten\u00a0sind seit Urzeiten bekannt. Die Heiler der Antike versuchten, diese Kr\u00e4fte\u00a0therapeutisch zu nutzen( Plato, [&hellip;]<\/p>\n","protected":false},"author":1,"featured_media":0,"parent":0,"menu_order":0,"comment_status":"closed","ping_status":"closed","template":"","meta":{"footnotes":""},"class_list":["post-51","page","type-page","status-publish","hentry"],"_links":{"self":[{"href":"https:\/\/www.ramco.at\/index.php?rest_route=\/wp\/v2\/pages\/51","targetHints":{"allow":["GET"]}}],"collection":[{"href":"https:\/\/www.ramco.at\/index.php?rest_route=\/wp\/v2\/pages"}],"about":[{"href":"https:\/\/www.ramco.at\/index.php?rest_route=\/wp\/v2\/types\/page"}],"author":[{"embeddable":true,"href":"https:\/\/www.ramco.at\/index.php?rest_route=\/wp\/v2\/users\/1"}],"replies":[{"embeddable":true,"href":"https:\/\/www.ramco.at\/index.php?rest_route=%2Fwp%2Fv2%2Fcomments&post=51"}],"version-history":[{"count":32,"href":"https:\/\/www.ramco.at\/index.php?rest_route=\/wp\/v2\/pages\/51\/revisions"}],"predecessor-version":[{"id":119,"href":"https:\/\/www.ramco.at\/index.php?rest_route=\/wp\/v2\/pages\/51\/revisions\/119"}],"wp:attachment":[{"href":"https:\/\/www.ramco.at\/index.php?rest_route=%2Fwp%2Fv2%2Fmedia&parent=51"}],"curies":[{"name":"wp","href":"https:\/\/api.w.org\/{rel}","templated":true}]}}