{"id":113,"date":"2022-10-14T07:03:11","date_gmt":"2022-10-14T07:03:11","guid":{"rendered":"https:\/\/www.ramco.at\/?page_id=113"},"modified":"2022-10-14T07:04:40","modified_gmt":"2022-10-14T07:04:40","slug":"impresssum","status":"publish","type":"page","link":"https:\/\/www.ramco.at\/?page_id=113","title":{"rendered":"Impresssum"},"content":{"rendered":"\n<p><strong>Medieninhaber und Herausgeber:<\/strong><br><\/p>\n\n\n\n<p>Ramco Handels GmbH<br>Hauptstra\u00dfe 39a<br>6464 Tarrenz<\/p>\n\n\n\n<p>Siegmund Mair<\/p>\n\n\n\n<p>Telefon: 0043 \/ 5412 \/ 61061<br>E-Mail: office@ramco.at<\/p>\n\n\n\n<p><strong>Rechtliche Hinweise<br><\/strong>Der Inhalt dieser Website ist urheberrechtlich gesch\u00fctzt. Alle Rechte, auch der \u00dcbersetzung der Webseite, des Nachdrucks und der Vervielf\u00e4ltigung des Inhalts oder Teilen daraus, sind vorbehalten. Der Inhalt dieser Seite darf in keiner Form ohne schriftliche Genehmigung von Ramco Handels GmbH reproduziert oder verarbeitet, vervielf\u00e4ltigt oder verbreitet werden.<br>Obwohl die Inhalte unserer Seiten mit gr\u00f6\u00dftm\u00f6glicher Sorgfalt erstellt worden sind, \u00fcbernimmt die Ramco Handels GmbH keine Haftung f\u00fcr deren Aktualit\u00e4t, Vollst\u00e4ndigkeit und Richtigkeit.<\/p>\n\n\n\n<p><strong>Links \/ Verlinkung<\/strong><br>Unsere Seiten beinhalten auch Links zu externen Webseiten, auf deren Inhalt wir keinen Einfluss haben. Aus diesem Grund k\u00f6nnen wir f\u00fcr diese fremden Inhalte auch keinerlei Haftung \u00fcbernehmen. F\u00fcr diese Inhalte ist der jeweilige Anbieter bzw. Betreiber verantwortlich.<\/p>\n","protected":false},"excerpt":{"rendered":"<p>Medieninhaber und Herausgeber: Ramco Handels GmbHHauptstra\u00dfe 39a6464 Tarrenz Siegmund Mair Telefon: 0043 \/ 5412 \/ 61061E-Mail: office@ramco.at Rechtliche HinweiseDer Inhalt dieser Website ist urheberrechtlich gesch\u00fctzt. Alle Rechte, auch der \u00dcbersetzung der Webseite, des Nachdrucks und der Vervielf\u00e4ltigung des Inhalts oder Teilen daraus, sind vorbehalten. Der Inhalt dieser Seite darf in keiner Form ohne schriftliche Genehmigung [&hellip;]<\/p>\n","protected":false},"author":1,"featured_media":0,"parent":0,"menu_order":0,"comment_status":"closed","ping_status":"closed","template":"","meta":{"footnotes":""},"class_list":["post-113","page","type-page","status-publish","hentry"],"_links":{"self":[{"href":"https:\/\/www.ramco.at\/index.php?rest_route=\/wp\/v2\/pages\/113","targetHints":{"allow":["GET"]}}],"collection":[{"href":"https:\/\/www.ramco.at\/index.php?rest_route=\/wp\/v2\/pages"}],"about":[{"href":"https:\/\/www.ramco.at\/index.php?rest_route=\/wp\/v2\/types\/page"}],"author":[{"embeddable":true,"href":"https:\/\/www.ramco.at\/index.php?rest_route=\/wp\/v2\/users\/1"}],"replies":[{"embeddable":true,"href":"https:\/\/www.ramco.at\/index.php?rest_route=%2Fwp%2Fv2%2Fcomments&post=113"}],"version-history":[{"count":2,"href":"https:\/\/www.ramco.at\/index.php?rest_route=\/wp\/v2\/pages\/113\/revisions"}],"predecessor-version":[{"id":116,"href":"https:\/\/www.ramco.at\/index.php?rest_route=\/wp\/v2\/pages\/113\/revisions\/116"}],"wp:attachment":[{"href":"https:\/\/www.ramco.at\/index.php?rest_route=%2Fwp%2Fv2%2Fmedia&parent=113"}],"curies":[{"name":"wp","href":"https:\/\/api.w.org\/{rel}","templated":true}]}}