{"id":103,"date":"2022-03-30T06:29:38","date_gmt":"2022-03-30T06:29:38","guid":{"rendered":"https:\/\/www.ramco.at\/?page_id=103"},"modified":"2023-10-11T08:32:55","modified_gmt":"2023-10-11T08:32:55","slug":"preise","status":"publish","type":"page","link":"https:\/\/www.ramco.at\/?page_id=103","title":{"rendered":"Preise"},"content":{"rendered":"<p>[et_pb_section fb_built=&#8220;1&#8243; _builder_version=&#8220;3.0.47&#8243; custom_padding=&#8220;51.1875px|0px|0|0px|false|false&#8220;][et_pb_row _builder_version=&#8220;3.0.48&#8243; background_size=&#8220;initial&#8220; background_position=&#8220;top_left&#8220; background_repeat=&#8220;repeat&#8220;][et_pb_column type=&#8220;4_4&#8243; _builder_version=&#8220;3.0.47&#8243; parallax=&#8220;off&#8220; parallax_method=&#8220;on&#8220;][et_pb_text _builder_version=&#8220;3.12.2&#8243;]<\/p>\n<h4 style=\"text-align: left;\">Erstmessung\u00a0 \u00a0 \u00a0 \u00a0 \u00a0 \u00a0 \u00a0 \u00a0 \u00a0 \u00a0 \u00a0 \u00a0 \u00a0 \u00a0 \u00a0 \u00a0\u20ac\u00a0\u00a0\u00a0\u00a0 120,-<\/h4>\n<h4><strong>ST\u00d6RFELDMESSUNG\u00a0 \u00a0 \u00a0 \u00a0 \u00a0 \u00a0 \u00a0 \u00a0 \u00a0 \u00a0 \u00a0 \u20ac \u00a0\u00a0\u00a0\u00a0\u00a0\u00a070,- <\/strong><\/h4>\n<h4>Lichttherapie\u00a0 \u00a0 \u00a0 \u00a0 \u00a0 \u00a0 \u00a0 \u00a0 \u00a0 \u00a0 \u00a0 \u00a0 \u00a0 \u00a0 \u00a0 \u20ac\u00a0\u00a0\u00a0\u00a0\u00a0 \u00a070,-<\/h4>\n<h4>QRZET Set\u00a0 \u00a0 \u00a0 \u00a0 \u00a0 \u00a0 \u00a0 \u00a0 \u00a0 \u00a0 \u00a0 \u00a0 \u00a0 \u00a0 \u00a0 \u00a0 \u00a0 \u00a0 \u00a0 \u00a0\u20ac\u00a0 4. 800,-<\/h4>\n<h4>Beauty Fit\u00a0 \u00a0 \u00a0 \u00a0 \u00a0 \u00a0 \u00a0 \u00a0 \u00a0 \u00a0 \u00a0 \u00a0 \u00a0 \u00a0 \u00a0 \u00a0 \u00a0 \u00a0 \u00a0\u20ac\u00a0\u00a0 \u00a0\u00a0\u00a0950,-<\/h4>\n<h4>Netzteil\u00a0 \u00a0 \u00a0 \u00a0 \u00a0 \u00a0 \u00a0 \u00a0 \u00a0 \u00a0 \u00a0 \u00a0 \u00a0 \u00a0 \u00a0 \u00a0 \u00a0 \u00a0 \u00a0 \u00a0 \u00a0\u20ac\u00a0 \u00a0 \u00a0 \u00a0 45,-<\/h4>\n<h4><\/h4>\n<h4>Service Angebot<strong><br \/>\n<\/strong>Wir empfehlen eine regelm\u00e4\u00dfige \u00dcberpr\u00fcfung Ihres Ger\u00e4ts. Bitte um Voranmeldung.<\/h4>\n<h4>Leistungs \u00dcberpr\u00fcfung Ihres Sets:<\/h4>\n<h4><strong>\u00dcberpr\u00fcfung Ger\u00e4t\u00a0 \u00a0 \u00a0 \u00a0 \u00a0 \u00a0 \u00a0 \u00a0 \u00a0 \u00a0 \u20ac\u00a0\u00a0\u00a0\u00a0\u00a0\u00a0 100,-<\/strong><br \/>\n<strong>\u00dcberpr\u00fcfung Ger\u00e4t\u00a0 \u00a0 \u00a0 \u00a0 \u00a0 \u00a0 \u00a0 \u00a0 \u00a0 \u00a0 \u20ac \u00a0 \u00a0\u00a0\u00a0\u00a0300,-<\/strong><br \/>\n<strong>incl. Update + Servicierung<\/strong><\/h4>\n<h4><strong>Set Leihgeb\u00fchr\u00a0 \u00a0 \u00a0 \u00a0 \u00a0 \u00a0 \u00a0 \u00a0 \u00a0 \u00a0 \u00a0 \u00a0 \u00a0 \u00a0 \u00a0\u20ac\u00a0\u00a0\u00a0\u00a0\u00a0 300,-\u00a0<\/strong><br \/>\n<strong>(bis zur Nachmessung ca. 4 Wochen)\u00a0 \u00a0 \u00a0 \u00a0 \u00a0 \u00a0 \u00a0 \u00a0 \u00a0 \u00a0 \u00a0 \u00a0 \u00a0 \u00a0 \u00a0 \u00a0 \u00a0 \u00a0 \u00a0 \u00a0 \u00a0 \u00a0 \u00a0 \u00a0 \u00a0 \u00a0 \u00a0 \u00a0 \u00a0 \u00a0 \u00a0 \u00a0 \u00a0 \u00a0 \u00a0 \u00a0 \u00a0 \u00a0 \u00a0 \u00a0 \u00a0 \u00a0 \u00a0 \u00a0 \u00a0 \u00a0 \u00a0 \u00a0 \u00a0 \u00a0 \u00a0 \u00a0 \u00a0 \u00a0 \u00a0 \u00a0 \u00a0 \u00a0 \u00a0 \u00a0\u00a0<\/strong><\/h4>\n<p>[\/et_pb_text][\/et_pb_column][\/et_pb_row][\/et_pb_section][et_pb_section fb_built=&#8220;1&#8243; _builder_version=&#8220;3.12.2&#8243; custom_padding=&#8220;0|0px|50px|0px|false|false&#8220;][et_pb_row _builder_version=&#8220;3.12.2&#8243; custom_padding=&#8220;0|0px|25.5938px|0px|false|false&#8220;][et_pb_column type=&#8220;4_4&#8243; _builder_version=&#8220;3.12.2&#8243; parallax=&#8220;off&#8220; parallax_method=&#8220;on&#8220;][et_pb_text _builder_version=&#8220;3.12.2&#8243;]<\/p>\n<p><strong>Termine ohne vorherige Absage <\/strong><\/p>\n<p><strong>(innerhalb von 48 Stunden) werden vollst\u00e4ndig in Rechnung gestellt.<\/strong><\/p>\n<p><strong>Preise inkl. 20% Umsatzsteuer<\/strong><\/p>\n<p>[\/et_pb_text][\/et_pb_column][\/et_pb_row][\/et_pb_section]<\/p>\n","protected":false},"excerpt":{"rendered":"<p>[et_pb_section fb_built=&#8220;1&#8243; _builder_version=&#8220;3.0.47&#8243; custom_padding=&#8220;51.1875px|0px|0|0px|false|false&#8220;][et_pb_row _builder_version=&#8220;3.0.48&#8243; background_size=&#8220;initial&#8220; background_position=&#8220;top_left&#8220; background_repeat=&#8220;repeat&#8220;][et_pb_column type=&#8220;4_4&#8243; _builder_version=&#8220;3.0.47&#8243; parallax=&#8220;off&#8220; parallax_method=&#8220;on&#8220;][et_pb_text _builder_version=&#8220;3.12.2&#8243;] Erstmessung\u00a0 \u00a0 \u00a0 \u00a0 \u00a0 \u00a0 \u00a0 \u00a0 \u00a0 \u00a0 \u00a0 \u00a0 \u00a0 \u00a0 \u00a0 \u00a0\u20ac\u00a0\u00a0\u00a0\u00a0 120,- ST\u00d6RFELDMESSUNG\u00a0 \u00a0 \u00a0 \u00a0 \u00a0 \u00a0 \u00a0 \u00a0 \u00a0 \u00a0 \u00a0 \u20ac \u00a0\u00a0\u00a0\u00a0\u00a0\u00a070,- Lichttherapie\u00a0 \u00a0 \u00a0 \u00a0 \u00a0 \u00a0 \u00a0 \u00a0 \u00a0 \u00a0 \u00a0 \u00a0 [&hellip;]<\/p>\n","protected":false},"author":1,"featured_media":0,"parent":0,"menu_order":0,"comment_status":"closed","ping_status":"closed","template":"","meta":{"footnotes":""},"class_list":["post-103","page","type-page","status-publish","hentry"],"_links":{"self":[{"href":"https:\/\/www.ramco.at\/index.php?rest_route=\/wp\/v2\/pages\/103","targetHints":{"allow":["GET"]}}],"collection":[{"href":"https:\/\/www.ramco.at\/index.php?rest_route=\/wp\/v2\/pages"}],"about":[{"href":"https:\/\/www.ramco.at\/index.php?rest_route=\/wp\/v2\/types\/page"}],"author":[{"embeddable":true,"href":"https:\/\/www.ramco.at\/index.php?rest_route=\/wp\/v2\/users\/1"}],"replies":[{"embeddable":true,"href":"https:\/\/www.ramco.at\/index.php?rest_route=%2Fwp%2Fv2%2Fcomments&post=103"}],"version-history":[{"count":3,"href":"https:\/\/www.ramco.at\/index.php?rest_route=\/wp\/v2\/pages\/103\/revisions"}],"predecessor-version":[{"id":123,"href":"https:\/\/www.ramco.at\/index.php?rest_route=\/wp\/v2\/pages\/103\/revisions\/123"}],"wp:attachment":[{"href":"https:\/\/www.ramco.at\/index.php?rest_route=%2Fwp%2Fv2%2Fmedia&parent=103"}],"curies":[{"name":"wp","href":"https:\/\/api.w.org\/{rel}","templated":true}]}}